{"id":664,"date":"2024-05-07T16:27:53","date_gmt":"2024-05-07T21:27:53","guid":{"rendered":"http:\/\/localhost\/tgr.com\/?page_id=664"},"modified":"2024-05-15T11:44:10","modified_gmt":"2024-05-15T16:44:10","slug":"blog","status":"publish","type":"page","link":"https:\/\/peritajeinformaticotgr.com\/sistemastgr\/blog\/","title":{"rendered":"Blog"},"content":{"rendered":"\t\t<div data-elementor-type=\"wp-page\" data-elementor-id=\"664\" class=\"elementor elementor-664\">\n\t\t\t\t\t\t<section class=\"elementor-section elementor-top-section elementor-element elementor-element-415741fd elementor-section-boxed elementor-section-height-default elementor-section-height-default\" data-id=\"415741fd\" data-element_type=\"section\" data-settings=\"{&quot;background_background&quot;:&quot;classic&quot;}\">\n\t\t\t\t\t\t<div class=\"elementor-container elementor-column-gap-no\">\n\t\t\t\t\t<div class=\"elementor-column elementor-col-100 elementor-top-column elementor-element elementor-element-4d159428\" data-id=\"4d159428\" data-element_type=\"column\">\n\t\t\t<div class=\"elementor-widget-wrap elementor-element-populated\">\n\t\t\t\t\t\t<div class=\"elementor-element elementor-element-fc9a324 elementor-widget-mobile__width-inherit elementor-invisible elementor-widget elementor-widget-heading\" data-id=\"fc9a324\" data-element_type=\"widget\" data-settings=\"{&quot;_animation&quot;:&quot;fadeInUp&quot;,&quot;_animation_delay&quot;:100}\" data-widget_type=\"heading.default\">\n\t\t\t\t<div class=\"elementor-widget-container\">\n\t\t\t<style>\/*! elementor - v3.21.0 - 08-05-2024 *\/\n.elementor-heading-title{padding:0;margin:0;line-height:1}.elementor-widget-heading .elementor-heading-title[class*=elementor-size-]>a{color:inherit;font-size:inherit;line-height:inherit}.elementor-widget-heading .elementor-heading-title.elementor-size-small{font-size:15px}.elementor-widget-heading .elementor-heading-title.elementor-size-medium{font-size:19px}.elementor-widget-heading .elementor-heading-title.elementor-size-large{font-size:29px}.elementor-widget-heading .elementor-heading-title.elementor-size-xl{font-size:39px}.elementor-widget-heading .elementor-heading-title.elementor-size-xxl{font-size:59px}<\/style><h1 class=\"elementor-heading-title elementor-size-default\">Blog Forense Digital<\/h1>\t\t<\/div>\n\t\t\t\t<\/div>\n\t\t\t\t<div class=\"elementor-element elementor-element-f9af9ca elementor-widget-mobile__width-inherit elementor-widget elementor-widget-heading\" data-id=\"f9af9ca\" data-element_type=\"widget\" data-widget_type=\"heading.default\">\n\t\t\t\t<div class=\"elementor-widget-container\">\n\t\t\t<h6 class=\"elementor-heading-title elementor-size-default\">El Blog Legal de TGR para abogados, empresas y personas interesadas en defensa digital, recursos legales e inform\u00e1tica forense.<\/h6>\t\t<\/div>\n\t\t\t\t<\/div>\n\t\t\t\t\t<\/div>\n\t\t<\/div>\n\t\t\t\t\t<\/div>\n\t\t<\/section>\n\t\t\t\t<section class=\"elementor-section elementor-top-section elementor-element elementor-element-678a5c6c elementor-section-boxed elementor-section-height-default elementor-section-height-default\" data-id=\"678a5c6c\" data-element_type=\"section\" data-settings=\"{&quot;background_background&quot;:&quot;classic&quot;}\">\n\t\t\t\t\t\t\t<div class=\"elementor-background-overlay\"><\/div>\n\t\t\t\t\t\t\t<div class=\"elementor-container elementor-column-gap-no\">\n\t\t\t\t\t<div class=\"elementor-column elementor-col-100 elementor-top-column elementor-element elementor-element-565cd1f\" data-id=\"565cd1f\" data-element_type=\"column\">\n\t\t\t<div class=\"elementor-widget-wrap elementor-element-populated\">\n\t\t\t\t\t\t<div class=\"elementor-element elementor-element-162e938 elementor-widget elementor-widget-elementskit-blog-posts\" data-id=\"162e938\" data-element_type=\"widget\" data-widget_type=\"elementskit-blog-posts.default\">\n\t\t\t\t<div class=\"elementor-widget-container\">\n\t\t\t<div class=\"ekit-wid-con\" >        <div id=\"post-items--162e938\" class=\"row post-items\">\n                    <div class=\"col-md-12\">\n\n                                    <div class=\"elementskit-blog-block-post\">\n                        <div class=\"row no-gutters\">\n                                                            <div class=\"col-md-6 order-1\">\n                                    <a href=\"https:\/\/peritajeinformaticotgr.com\/sistemastgr\/2024\/05\/08\/articulo-3\/\" class=\"elementskit-entry-thumb\">\n                                        <img decoding=\"async\" src=\"https:\/\/peritajeinformaticotgr.com\/sistemastgr\/wp-content\/uploads\/2024\/04\/seguridad-informatica.jpg\" alt=\"Articulo 3\">\n                                    <\/a><!-- .elementskit-entry-thumb END -->\n                                <\/div>\n                            \n                            <div class=\"col-md-6 order-2\">\n                                <div class=\"elementskit-post-body \">\n                                    <div class=\"elementskit-entry-header\">\n                                        \n                                                                                            \t\t\t\t\t                                            \n                                            \n                                                                                            \t\t\t\t<h2 class=\"entry-title\">\n\t\t\t\t\t<a href=\"https:\/\/peritajeinformaticotgr.com\/sistemastgr\/2024\/05\/08\/articulo-3\/\">\n\t\t\t\t\t\tArticulo 3\t\t\t\t\t<\/a>\n\t\t\t\t<\/h2>\n\t\t\t                                                                                <\/div><!-- .elementskit-entry-header END -->\n\n                                                                            <div class=\"elementskit-post-footer\">\n                                                                                            <p>Articulo 1 TGR Ofrece servicios profesionales especializados con todo lo relacionado con investigaciones en inform\u00e1tica forense. Se ofrece el servicio de investigaci\u00f3n y an\u00e1lisis forense para esclarecimiento de casos relacionados con forense inform\u00e1tica y an\u00e1lisis de datos que involucran entre otros casos como los siguientes. Estafas por medios electr\u00f3nicos. Robo de datos. Suplantaci\u00f3n de identidad. [&hellip;]<\/p>\n                                                                                                                                <\/div><!-- .elementskit-post-footer END -->\n                                                                    <\/div><!-- .elementskit-post-body END -->\n                            <\/div>\n                        <\/div>\n                    <\/div><!-- .elementskit-blog-block-post .radius .gradient-bg END -->\n                \n            <\/div>\n                    <div class=\"col-md-12\">\n\n                                    <div class=\"elementskit-blog-block-post\">\n                        <div class=\"row no-gutters\">\n                                                            <div class=\"col-md-6 order-1\">\n                                    <a href=\"https:\/\/peritajeinformaticotgr.com\/sistemastgr\/2024\/05\/08\/articulo-2\/\" class=\"elementskit-entry-thumb\">\n                                        <img decoding=\"async\" src=\"https:\/\/peritajeinformaticotgr.com\/sistemastgr\/wp-content\/uploads\/2024\/04\/seguridad-informatica.jpg\" alt=\"Articulo 2\">\n                                    <\/a><!-- .elementskit-entry-thumb END -->\n                                <\/div>\n                            \n                            <div class=\"col-md-6 order-2\">\n                                <div class=\"elementskit-post-body \">\n                                    <div class=\"elementskit-entry-header\">\n                                        \n                                                                                            \t\t\t\t\t                                            \n                                            \n                                                                                            \t\t\t\t<h2 class=\"entry-title\">\n\t\t\t\t\t<a href=\"https:\/\/peritajeinformaticotgr.com\/sistemastgr\/2024\/05\/08\/articulo-2\/\">\n\t\t\t\t\t\tArticulo 2\t\t\t\t\t<\/a>\n\t\t\t\t<\/h2>\n\t\t\t                                                                                <\/div><!-- .elementskit-entry-header END -->\n\n                                                                            <div class=\"elementskit-post-footer\">\n                                                                                            <p>Articulo 1 TGR Ofrece servicios profesionales especializados con todo lo relacionado con investigaciones en inform\u00e1tica forense. Se ofrece el servicio de investigaci\u00f3n y an\u00e1lisis forense para esclarecimiento de casos relacionados con forense inform\u00e1tica y an\u00e1lisis de datos que involucran entre otros casos como los siguientes. Estafas por medios electr\u00f3nicos. Robo de datos. Suplantaci\u00f3n de identidad. [&hellip;]<\/p>\n                                                                                                                                <\/div><!-- .elementskit-post-footer END -->\n                                                                    <\/div><!-- .elementskit-post-body END -->\n                            <\/div>\n                        <\/div>\n                    <\/div><!-- .elementskit-blog-block-post .radius .gradient-bg END -->\n                \n            <\/div>\n                    <div class=\"col-md-12\">\n\n                                    <div class=\"elementskit-blog-block-post\">\n                        <div class=\"row no-gutters\">\n                                                            <div class=\"col-md-6 order-1\">\n                                    <a href=\"https:\/\/peritajeinformaticotgr.com\/sistemastgr\/2024\/05\/08\/articulo-1\/\" class=\"elementskit-entry-thumb\">\n                                        <img decoding=\"async\" src=\"https:\/\/peritajeinformaticotgr.com\/sistemastgr\/wp-content\/uploads\/2024\/04\/seguridad-informatica.jpg\" alt=\"Articulo 1\">\n                                    <\/a><!-- .elementskit-entry-thumb END -->\n                                <\/div>\n                            \n                            <div class=\"col-md-6 order-2\">\n                                <div class=\"elementskit-post-body \">\n                                    <div class=\"elementskit-entry-header\">\n                                        \n                                                                                            \t\t\t\t\t                                            \n                                            \n                                                                                            \t\t\t\t<h2 class=\"entry-title\">\n\t\t\t\t\t<a href=\"https:\/\/peritajeinformaticotgr.com\/sistemastgr\/2024\/05\/08\/articulo-1\/\">\n\t\t\t\t\t\tArticulo 1\t\t\t\t\t<\/a>\n\t\t\t\t<\/h2>\n\t\t\t                                                                                <\/div><!-- .elementskit-entry-header END -->\n\n                                                                            <div class=\"elementskit-post-footer\">\n                                                                                            <p>Articulo 1 TGR Ofrece servicios profesionales especializados con todo lo relacionado con investigaciones en inform\u00e1tica forense. Se ofrece el servicio de investigaci\u00f3n y an\u00e1lisis forense para esclarecimiento de casos relacionados con forense inform\u00e1tica y an\u00e1lisis de datos que involucran entre otros casos como los siguientes. Estafas por medios electr\u00f3nicos. Robo de datos. Suplantaci\u00f3n de identidad. [&hellip;]<\/p>\n                                                                                                                                <\/div><!-- .elementskit-post-footer END -->\n                                                                    <\/div><!-- .elementskit-post-body END -->\n                            <\/div>\n                        <\/div>\n                    <\/div><!-- .elementskit-blog-block-post .radius .gradient-bg END -->\n                \n            <\/div>\n                <\/div>\n       <\/div>\t\t<\/div>\n\t\t\t\t<\/div>\n\t\t\t\t\t<\/div>\n\t\t<\/div>\n\t\t\t\t\t<\/div>\n\t\t<\/section>\n\t\t\t\t<\/div>\n\t\t","protected":false},"excerpt":{"rendered":"<p>Blog Forense Digital El Blog Legal de TGR para abogados, empresas y personas interesadas en defensa digital, recursos legales e inform\u00e1tica forense. Articulo 3 Articulo 1 TGR Ofrece servicios profesionales especializados con todo lo relacionado con investigaciones en inform\u00e1tica forense. Se ofrece el servicio de investigaci\u00f3n y an\u00e1lisis forense para esclarecimiento de casos relacionados con [&hellip;]<\/p>\n","protected":false},"author":1,"featured_media":0,"parent":0,"menu_order":0,"comment_status":"closed","ping_status":"closed","template":"","meta":{"_joinchat":[],"footnotes":""},"class_list":["post-664","page","type-page","status-publish","hentry"],"_links":{"self":[{"href":"https:\/\/peritajeinformaticotgr.com\/sistemastgr\/wp-json\/wp\/v2\/pages\/664","targetHints":{"allow":["GET"]}}],"collection":[{"href":"https:\/\/peritajeinformaticotgr.com\/sistemastgr\/wp-json\/wp\/v2\/pages"}],"about":[{"href":"https:\/\/peritajeinformaticotgr.com\/sistemastgr\/wp-json\/wp\/v2\/types\/page"}],"author":[{"embeddable":true,"href":"https:\/\/peritajeinformaticotgr.com\/sistemastgr\/wp-json\/wp\/v2\/users\/1"}],"replies":[{"embeddable":true,"href":"https:\/\/peritajeinformaticotgr.com\/sistemastgr\/wp-json\/wp\/v2\/comments?post=664"}],"version-history":[{"count":14,"href":"https:\/\/peritajeinformaticotgr.com\/sistemastgr\/wp-json\/wp\/v2\/pages\/664\/revisions"}],"predecessor-version":[{"id":929,"href":"https:\/\/peritajeinformaticotgr.com\/sistemastgr\/wp-json\/wp\/v2\/pages\/664\/revisions\/929"}],"wp:attachment":[{"href":"https:\/\/peritajeinformaticotgr.com\/sistemastgr\/wp-json\/wp\/v2\/media?parent=664"}],"curies":[{"name":"wp","href":"https:\/\/api.w.org\/{rel}","templated":true}]}}